{"id":51813,"date":"2025-01-31T12:13:16","date_gmt":"2025-01-31T11:13:16","guid":{"rendered":"https:\/\/www.bits-tunisia.com\/?page_id=51813"},"modified":"2025-02-20T15:09:00","modified_gmt":"2025-02-20T14:09:00","slug":"education-evaluation-en-ligne","status":"publish","type":"page","link":"https:\/\/www.bits-france.com\/en\/online-education-evaluation\/","title":{"rendered":"Online Education &amp; Evaluation"},"content":{"rendered":"<div data-elementor-type=\"wp-page\" data-elementor-id=\"51813\" class=\"elementor elementor-51813\">\n\t\t\t\t\t\t<section class=\"elementor-section elementor-top-section elementor-element elementor-element-4ab06cd elementor-section-content-bottom elementor-section-boxed elementor-section-height-default elementor-section-height-default tm-col-stretched-none tm-bg-color-over-image\" data-id=\"4ab06cd\" data-element_type=\"section\" data-settings=\"{&quot;background_background&quot;:&quot;classic&quot;}\">\n\t\t\t\t\t\t<div class=\"elementor-container elementor-column-gap-extended\">\n\t\t\t\t\t<div class=\"elementor-column elementor-col-66 elementor-top-column elementor-element elementor-element-51335e7 tm-bg-color-over-image\" data-id=\"51335e7\" data-element_type=\"column\">\n\t\t\t<div class=\"elementor-widget-wrap elementor-element-populated\">\n\t\t\t\t\t\t<div class=\"elementor-element elementor-element-d6b3080 horizontal-line-align-left vertical-line-align-bottom elementor-widget elementor-widget-tm-ele-section-title\" data-id=\"d6b3080\" data-element_type=\"widget\" data-widget_type=\"tm-ele-section-title.default\">\n\t\t\t\t<div class=\"elementor-widget-container\">\n\t\t\t\t\t<div class=\"tm-sc-section-title section-title\">\r\n\t<div class=\"title-wrapper\">\r\n\t\t\t\t\t\t\t<h2 class=\"title\">\r\n\r\n\t\t\r\n\t\t\t\t\r\n\t\t\r\n\t<\/h2>\r\n\t<div class=\"title-seperator-line\"><\/div>\t\t\t\t\t\t<div class=\"paragraph\">\r\n\t\t<p><span data-contrast=\"auto\" xml:lang=\"FR-FR\" lang=\"FR-FR\" class=\"TextRun SCXW75022953 BCX0\"><span class=\"NormalTextRun SCXW75022953 BCX0\">The education sector is evolving thanks to new technologies that ensure secure and fair assessment of learners. Solutions for remote exam proctoring, online evaluation management, and exam security guarantee academic integrity.<\/span><span class=\"NormalTextRun SpellingErrorV2Themed SCXW75022953 BCX0\">remote<\/span><span class=\"NormalTextRun SCXW75022953 BCX0\"> <\/span><span class=\"NormalTextRun SpellingErrorV2Themed SCXW75022953 BCX0\">proctoring<\/span><span class=\"NormalTextRun SCXW75022953 BCX0\">), de gestion des \u00e9valuations en ligne et de s\u00e9curisation des examens garantissent l\u2019int\u00e9grit\u00e9 acad\u00e9mique.<br \/><br \/>These tools rely on advanced technologies such as facial recognition, artificial intelligence, and behavioral analysis to prevent fraud and ensure fair exam conditions.<\/span><\/span><span class=\"EOP SCXW75022953 BCX0\" data-ccp-props=\"{&quot;134233117&quot;:false,&quot;134233118&quot;:false,&quot;201341983&quot;:0,&quot;335551550&quot;:1,&quot;335551620&quot;:1,&quot;335559685&quot;:0,&quot;335559737&quot;:0,&quot;335559738&quot;:240,&quot;335559739&quot;:240,&quot;335559740&quot;:279}\">\u00a0<\/span><\/p>\t<\/div>\r\n\t\t<\/div>\r\n<\/div>\t\t\t\t<\/div>\n\t\t\t\t<\/div>\n\t\t\t\t\t<\/div>\n\t\t<\/div>\n\t\t\t\t<div class=\"elementor-column elementor-col-33 elementor-top-column elementor-element elementor-element-2b55b85 tm-bg-color-over-image\" data-id=\"2b55b85\" data-element_type=\"column\">\n\t\t\t<div class=\"elementor-widget-wrap elementor-element-populated\">\n\t\t\t\t\t\t<div class=\"elementor-element elementor-element-fe5bdb3 elementor-arrows-position-inside elementor-widget elementor-widget-image-carousel\" data-id=\"fe5bdb3\" data-element_type=\"widget\" data-settings=\"{&quot;slides_to_show&quot;:&quot;1&quot;,&quot;navigation&quot;:&quot;arrows&quot;,&quot;autoplay_speed&quot;:1200,&quot;autoplay&quot;:&quot;yes&quot;,&quot;pause_on_hover&quot;:&quot;yes&quot;,&quot;pause_on_interaction&quot;:&quot;yes&quot;,&quot;infinite&quot;:&quot;yes&quot;,&quot;effect&quot;:&quot;slide&quot;,&quot;speed&quot;:500}\" data-widget_type=\"image-carousel.default\">\n\t\t\t\t\t\t\t<div class=\"elementor-image-carousel-wrapper swiper\" role=\"region\" aria-roledescription=\"carousel\" aria-label=\"Image Carousel\" dir=\"ltr\">\n\t\t\t<div class=\"elementor-image-carousel swiper-wrapper\" aria-live=\"off\">\n\t\t\t\t\t\t\t\t<div class=\"swiper-slide\" role=\"group\" aria-roledescription=\"slide\" aria-label=\"1 sur 4\"><figure class=\"swiper-slide-inner\"><img decoding=\"async\" class=\"swiper-slide-image\" src=\"https:\/\/www.bits-france.com\/wp-content\/uploads\/2025\/02\/educations.webp\" alt=\"educations\" \/><\/figure><\/div><div class=\"swiper-slide\" role=\"group\" aria-roledescription=\"slide\" aria-label=\"2 sur 4\"><figure class=\"swiper-slide-inner\"><img decoding=\"async\" class=\"swiper-slide-image\" src=\"https:\/\/www.bits-france.com\/wp-content\/uploads\/2025\/02\/staff.webp\" alt=\"staff\" \/><\/figure><\/div><div class=\"swiper-slide\" role=\"group\" aria-roledescription=\"slide\" aria-label=\"3 sur 4\"><figure class=\"swiper-slide-inner\"><img decoding=\"async\" class=\"swiper-slide-image\" src=\"https:\/\/www.bits-france.com\/wp-content\/uploads\/2025\/02\/exam.webp\" alt=\"exam\" \/><\/figure><\/div><div class=\"swiper-slide\" role=\"group\" aria-roledescription=\"slide\" aria-label=\"4 sur 4\"><figure class=\"swiper-slide-inner\"><img decoding=\"async\" class=\"swiper-slide-image\" src=\"https:\/\/www.bits-france.com\/wp-content\/uploads\/2025\/02\/learn.webp\" alt=\"learn\" \/><\/figure><\/div>\t\t\t<\/div>\n\t\t\t\t\t\t\t\t\t\t\t\t<div class=\"elementor-swiper-button elementor-swiper-button-prev\" role=\"button\" tabindex=\"0\">\n\t\t\t\t\t\t<svg aria-hidden=\"true\" class=\"e-font-icon-svg e-eicon-chevron-left\" viewbox=\"0 0 1000 1000\" xmlns=\"http:\/\/www.w3.org\/2000\/svg\"><path d=\"M646 125C629 125 613 133 604 142L308 442C296 454 292 471 292 487 292 504 296 521 308 533L604 854C617 867 629 875 646 875 663 875 679 871 692 858 704 846 713 829 713 812 713 796 708 779 692 767L438 487 692 225C700 217 708 204 708 187 708 171 704 154 692 142 675 129 663 125 646 125Z\"><\/path><\/svg>\t\t\t\t\t<\/div>\n\t\t\t\t\t<div class=\"elementor-swiper-button elementor-swiper-button-next\" role=\"button\" tabindex=\"0\">\n\t\t\t\t\t\t<svg aria-hidden=\"true\" class=\"e-font-icon-svg e-eicon-chevron-right\" viewbox=\"0 0 1000 1000\" xmlns=\"http:\/\/www.w3.org\/2000\/svg\"><path d=\"M696 533C708 521 713 504 713 487 713 471 708 454 696 446L400 146C388 133 375 125 354 125 338 125 325 129 313 142 300 154 292 171 292 187 292 204 296 221 308 233L563 492 304 771C292 783 288 800 288 817 288 833 296 850 308 863 321 871 338 875 354 875 371 875 388 867 400 854L696 533Z\"><\/path><\/svg>\t\t\t\t\t<\/div>\n\t\t\t\t\n\t\t\t\t\t\t\t\t\t<\/div>\n\t\t\t\t\t\t<\/div>\n\t\t\t\t\t<\/div>\n\t\t<\/div>\n\t\t\t\t\t<\/div>\n\t\t<\/section>\n\t\t<div class=\"elementor-element elementor-element-62cbfa6 e-flex e-con-boxed e-con e-parent\" data-id=\"62cbfa6\" data-element_type=\"container\">\n\t\t\t\t\t<div class=\"e-con-inner\">\n\t\t\t\t<div class=\"elementor-element elementor-element-a2e27c5 elementor-widget elementor-widget-html\" data-id=\"a2e27c5\" data-element_type=\"widget\" data-widget_type=\"html.default\">\n\t\t\t\t\t<style>\n    .page-id-51813 .background-img{\n      background-image: url('https:\/\/www.bits-france.com\/wp-content\/uploads\/2025\/01\/education-bann.png')!important;\n    }\n<\/style>\t\t\t\t<\/div>\n\t\t\t\t\t<\/div>\n\t\t\t\t<\/div>\n\t\t\t\t<\/div>","protected":false},"excerpt":{"rendered":"<p>Le secteur de l\u2019\u00e9ducation \u00e9volue gr\u00e2ce aux nouvelles technologies qui garantissent une \u00e9valuation s\u00e9curis\u00e9e et \u00e9quitable des apprenants. Des solutions&#8230;<\/p>","protected":false},"author":1,"featured_media":0,"parent":0,"menu_order":0,"comment_status":"closed","ping_status":"closed","template":"","meta":{"_acf_changed":false,"_eb_attr":"","footnotes":""},"class_list":["post-51813","page","type-page","status-publish","hentry"],"acf":[],"_links":{"self":[{"href":"https:\/\/www.bits-france.com\/en\/wp-json\/wp\/v2\/pages\/51813","targetHints":{"allow":["GET"]}}],"collection":[{"href":"https:\/\/www.bits-france.com\/en\/wp-json\/wp\/v2\/pages"}],"about":[{"href":"https:\/\/www.bits-france.com\/en\/wp-json\/wp\/v2\/types\/page"}],"author":[{"embeddable":true,"href":"https:\/\/www.bits-france.com\/en\/wp-json\/wp\/v2\/users\/1"}],"replies":[{"embeddable":true,"href":"https:\/\/www.bits-france.com\/en\/wp-json\/wp\/v2\/comments?post=51813"}],"version-history":[{"count":0,"href":"https:\/\/www.bits-france.com\/en\/wp-json\/wp\/v2\/pages\/51813\/revisions"}],"wp:attachment":[{"href":"https:\/\/www.bits-france.com\/en\/wp-json\/wp\/v2\/media?parent=51813"}],"curies":[{"name":"wp","href":"https:\/\/api.w.org\/{rel}","templated":true}]}}